{"id":7732,"date":"2024-02-29T17:04:53","date_gmt":"2024-02-29T10:04:53","guid":{"rendered":"https:\/\/vixs.vn\/support\/withdraw-money"},"modified":"2024-02-29T17:04:53","modified_gmt":"2024-02-29T10:04:53","slug":"withdraw-money","status":"publish","type":"page","link":"https:\/\/vixs.vn\/en\/support\/withdraw-money","title":{"rendered":"Withdraw money"},"content":{"rendered":"<p>Kh\u00e1ch h\u00e0ng c\u00f3 th\u1ec3 r\u00fat ti\u1ec1n ho\u1eb7c chuy\u1ec3n kho\u1ea3n t\u1eeb t\u00e0i kho\u1ea3n ch\u1ee9ng kho\u00e1n c\u1ee7a m\u00ecnh m\u1ed9t c\u00e1ch \u0111\u01a1n gi\u1ea3n v\u00e0 nhanh ch\u00f3ng theo c\u00e1c c\u00e1ch sau:<\/p>\n<p><span style=\"color: #0000ff;\"><strong>\u00a0C\u00c1CH 1: R\u00fat ti\u1ec1n ho\u1eb7c chuy\u1ec3n kho\u1ea3n ti\u1ec1n t\u1ea1i qu\u1ea7y:<\/strong><\/span><\/p>\n<p>\u0110\u1ec3 r\u00fat ti\u1ec1n m\u1eb7t tr\u1ef1c ti\u1ebfp t\u1eeb t\u00e0i kho\u1ea3n ch\u1ee9ng kho\u00e1n, Qu\u00fd kh\u00e1ch \u0111\u1ebfn \u0110i\u1ec3m giao d\u1ecbch c\u1ee7a VIX v\u00e0 \u0111i\u1ec1n y\u00eau c\u1ea7u theo m\u1eabu c\u00f3 s\u1eb5n, khi \u0111\u1ebfn giao d\u1ecbch, kh\u00e1ch h\u00e0ng mang theo ch\u1ee9ng minh th\u01b0 c\u00f2n gi\u00e1 tr\u1ecb s\u1eed d\u1ee5ng, k\u00fd \u0111\u00fang m\u1eabu ch\u1eef k\u00fd \u0111\u00e3 \u0111\u0103ng k\u00fd tr\u00ean phi\u1ebfu \u0111\u1ec1 ngh\u1ecb\u00a0 r\u00fat ti\u1ec1n ho\u1eb7c chuy\u1ec3n kho\u00e1nc\u1ee7a VIX<\/p>\n<p><span style=\"color: #0000ff;\"><strong>C\u00c1CH 2:\u00a0 Chuy\u1ec3n ti\u1ec1n qua \u0111i\u1ec7n tho\u1ea1i<\/strong>:<\/span><\/p>\n<p><strong>K\u00eanh giao d\u1ecbch:<\/strong>\u00a0Qua \u0111i\u1ec7n tho\u1ea1i<\/p>\n<p><strong>\u0110i\u1ec1u ki\u1ec7n<\/strong>: Kh\u00e1ch h\u00e0ng \u0111\u00e3 k\u00fd H\u1ee3p \u0111\u1ed3ng giao d\u1ecbch tr\u1ef1c tuy\u1ebfn, c\u00f3 \u0111\u0103ng k\u00fd d\u1ecbch v\u1ee5 Giao d\u1ecbch qua \u0111i\u1ec7n tho\u1ea1i (\u0111\u00e3 cung c\u1ea5p cho VIX m\u1eadt kh\u1ea9u giao d\u1ecbch g\u1ed3m 04 ch\u1eef s\u1ed1) v\u00e0 \u0111\u0103ng k\u00fd t\u00e0i kho\u1ea3n chuy\u1ec3n ti\u1ec1n. (M\u1ed7i kh\u00e1ch h\u00e0ng \u0111\u01b0\u1ee3c \u0111\u0103ng k\u00fd 03 t\u00e0i kho\u1ea3n Ng\u00e2n h\u00e0ng \u0111\u1ec3 chuy\u1ec3n ra ngo\u00e0i).<\/p>\n<p><strong>B\u01b0\u1edbc 1:<\/strong><\/p>\n<p>Kh\u00e1ch h\u00e0ng d\u00f9ng s\u1ed1 \u0111i\u1ec7n tho\u1ea1i \u0111\u00e3 \u0111\u0103ng k\u00fd giao d\u1ecbch qua \u0111i\u1ec7n tho\u1ea1i v\u1edbi VIX \u0111\u1ec3 th\u1ef1c hi\u1ec7n g\u1ecdi t\u1edbi m\u00e1y t\u1ed5ng \u0111\u00e0i c\u1ee7a VIX theo s\u1ed1: 024.4456 8888 (nh\u1ea5n ph\u00edm 2 sau l\u1eddi ch\u00e0o).<\/p>\n<p>Kh\u00e1ch h\u00e0ng \u0111\u1ecdc m\u1eadt kh\u1ea9u giao d\u1ecbch qua \u0111i\u1ec7n tho\u1ea1i cho nh\u00e2n vi\u00ean ti\u1ebfp nh\u1eadn y\u00eau c\u1ea7u<\/p>\n<p><strong>B\u01b0\u1edbc 2:<\/strong><\/p>\n<p>Nh\u00e2n vi\u00ean nghi\u1ec7p v\u1ee5 d\u1ecbch s\u1ebd x\u00e1c nh\u1eadn th\u00f4ng tin c\u00e1 nh\u00e2n, s\u1ed1 \u0111i\u1ec7n tho\u1ea1i g\u1ecdi t\u1edbi, m\u1eadt kh\u1ea9u giao d\u1ecbch qua \u0111i\u1ec7n tho\u1ea1i, s\u1ed1 t\u00e0i kho\u1ea3n v\u00e0 ng\u00e2n h\u00e0ng chuy\u1ec3n \u0111\u1ebfn, s\u1ed1 ti\u1ec1n Kh\u00e1ch h\u00e0ng y\u00eau c\u1ea7u chuy\u1ec3n.<\/p>\n<p>(S\u1ed1 ti\u1ec1n t\u1ed1i \u0111a kh\u00e1ch h\u00e0ng c\u00f3 th\u1ec3 chuy\u1ec3n b\u1eb1ng s\u00f3 d\u01b0 kh\u1ea3 d\u1ee5ng tr\u00ean t\u00e0i kho\u1ea3n)<\/p>\n<p>N\u1ebfu m\u1ecdi th\u00f4ng tin kh\u1edbp v\u1edbi th\u00f4ng tin kh\u00e1ch \u0111\u00e3 \u0111\u0103ng k\u00fd t\u1eeb tr\u01b0\u1edbc VIX s\u1ebd th\u1ef1c hi\u1ec7n chuy\u1ec3n ti\u1ec1n theo y\u00eau c\u1ea7u qua \u0111i\u1ec7n tho\u1ea1i c\u1ee7a kh\u00e1ch h\u00e0ng.<\/p>\n<p>&nbsp;<\/p>\n<p>_________________________________________________________________<\/p>\n<p style=\"padding-left: 40px;\">M\u1ecdi th\u00f4ng tin chi ti\u1ebft, xin vui l\u00f2ng li\u00ean h\u1ec7:<\/p>\n<p style=\"padding-left: 40px;\"><span style=\"color: #0000ff;\"><strong>C\u00f4ng ty C\u1ed5 ph\u1ea7n Ch\u1ee9ng kho\u00e1n VIX<\/strong><\/span><\/p>\n<p style=\"padding-left: 40px;\"><span style=\"color: #0000ff;\"><strong>T\u1ea7ng 22, S\u1ed1 52 ph\u1ed1 L\u00ea \u0110\u1ea1i H\u00e0nh, Ph\u01b0\u1eddng L\u00ea \u0110\u1ea1i H\u00e0nh, Qu\u1eadn Hai B\u00e0 Tr\u01b0ng, Tp. H\u00e0 N\u1ed9i<\/strong><\/span><\/p>\n<p style=\"padding-left: 40px;\"><span style=\"color: #0000ff;\"><strong>\u0110i\u1ec7n tho\u1ea1i: 024 4456 8888\u00a0 |\u00a0 Fax: 024 3978 5380<\/strong><\/span><\/p>\n<p style=\"padding-left: 40px;\"><span style=\"color: #0000ff;\"><strong>Email: dvkh@vixs.vn<\/strong><\/span><\/p>\n","protected":false},"excerpt":{"rendered":"<p>Kh\u00e1ch h\u00e0ng c\u00f3 th\u1ec3 r\u00fat ti\u1ec1n ho\u1eb7c chuy\u1ec3n kho\u1ea3n t\u1eeb t\u00e0i kho\u1ea3n ch\u1ee9ng kho\u00e1n c\u1ee7a m\u00ecnh m\u1ed9t c\u00e1ch \u0111\u01a1n gi\u1ea3n v\u00e0 nhanh ch\u00f3ng theo c\u00e1c c\u00e1ch sau: \u00a0C\u00c1CH 1: R\u00fat ti\u1ec1n ho\u1eb7c chuy\u1ec3n kho\u1ea3n ti\u1ec1n t\u1ea1i qu\u1ea7y: \u0110\u1ec3 r\u00fat ti\u1ec1n m\u1eb7t tr\u1ef1c ti\u1ebfp t\u1eeb t\u00e0i kho\u1ea3n ch\u1ee9ng kho\u00e1n, Qu\u00fd kh\u00e1ch \u0111\u1ebfn \u0110i\u1ec3m giao d\u1ecbch c\u1ee7a [&hellip;]<\/p>\n","protected":false},"author":2,"featured_media":0,"parent":7723,"menu_order":29,"comment_status":"closed","ping_status":"closed","template":"templates\/page-single-support.php","meta":{"footnotes":""},"class_list":["post-7732","page","type-page","status-publish","hentry"],"acf":[],"yoast_head":"<!-- This site is optimized with the Yoast SEO plugin v26.5 - https:\/\/yoast.com\/wordpress\/plugins\/seo\/ -->\n<title>Withdraw money - VIX SECURITIES JOINT STOCK COMPANY<\/title>\n<meta name=\"robots\" content=\"index, follow, max-snippet:-1, max-image-preview:large, max-video-preview:-1\" \/>\n<link rel=\"canonical\" href=\"https:\/\/vixs.vn\/en\/support\/withdraw-money\" \/>\n<meta property=\"og:locale\" content=\"en_US\" \/>\n<meta property=\"og:type\" content=\"article\" \/>\n<meta property=\"og:title\" content=\"Withdraw money - VIX SECURITIES JOINT STOCK COMPANY\" \/>\n<meta property=\"og:description\" content=\"Kh\u00e1ch h\u00e0ng c\u00f3 th\u1ec3 r\u00fat ti\u1ec1n ho\u1eb7c chuy\u1ec3n kho\u1ea3n t\u1eeb t\u00e0i kho\u1ea3n ch\u1ee9ng kho\u00e1n c\u1ee7a m\u00ecnh m\u1ed9t c\u00e1ch \u0111\u01a1n gi\u1ea3n v\u00e0 nhanh ch\u00f3ng theo c\u00e1c c\u00e1ch sau: \u00a0C\u00c1CH 1: R\u00fat ti\u1ec1n ho\u1eb7c chuy\u1ec3n kho\u1ea3n ti\u1ec1n t\u1ea1i qu\u1ea7y: \u0110\u1ec3 r\u00fat ti\u1ec1n m\u1eb7t tr\u1ef1c ti\u1ebfp t\u1eeb t\u00e0i kho\u1ea3n ch\u1ee9ng kho\u00e1n, Qu\u00fd kh\u00e1ch \u0111\u1ebfn \u0110i\u1ec3m giao d\u1ecbch c\u1ee7a [&hellip;]\" \/>\n<meta property=\"og:url\" content=\"https:\/\/vixs.vn\/en\/support\/withdraw-money\" \/>\n<meta property=\"og:site_name\" content=\"VIX SECURITIES JOINT STOCK COMPANY\" \/>\n<meta property=\"og:image\" content=\"https:\/\/vixs.vn\/wp-content\/uploads\/2024\/01\/sharelogo.jpg\" \/>\n\t<meta property=\"og:image:width\" content=\"800\" \/>\n\t<meta property=\"og:image:height\" content=\"447\" \/>\n\t<meta property=\"og:image:type\" content=\"image\/jpeg\" \/>\n<meta name=\"twitter:card\" content=\"summary_large_image\" \/>\n<meta name=\"twitter:label1\" content=\"Est. reading time\" \/>\n\t<meta name=\"twitter:data1\" content=\"3 minutes\" \/>\n<script type=\"application\/ld+json\" class=\"yoast-schema-graph\">{\"@context\":\"https:\/\/schema.org\",\"@graph\":[{\"@type\":\"WebPage\",\"@id\":\"https:\/\/vixs.vn\/en\/support\/withdraw-money\",\"url\":\"https:\/\/vixs.vn\/en\/support\/withdraw-money\",\"name\":\"Withdraw money - VIX SECURITIES JOINT STOCK COMPANY\",\"isPartOf\":{\"@id\":\"https:\/\/vixs.vn\/en#website\"},\"datePublished\":\"2024-02-29T10:04:53+00:00\",\"breadcrumb\":{\"@id\":\"https:\/\/vixs.vn\/en\/support\/withdraw-money#breadcrumb\"},\"inLanguage\":\"en-US\",\"potentialAction\":[{\"@type\":\"ReadAction\",\"target\":[\"https:\/\/vixs.vn\/en\/support\/withdraw-money\"]}]},{\"@type\":\"BreadcrumbList\",\"@id\":\"https:\/\/vixs.vn\/en\/support\/withdraw-money#breadcrumb\",\"itemListElement\":[{\"@type\":\"ListItem\",\"position\":1,\"name\":\"Home\",\"item\":\"https:\/\/vixs.vn\/en\"},{\"@type\":\"ListItem\",\"position\":2,\"name\":\"Support\",\"item\":\"https:\/\/vixs.vn\/en\/support\"},{\"@type\":\"ListItem\",\"position\":3,\"name\":\"Withdraw money\"}]},{\"@type\":\"WebSite\",\"@id\":\"https:\/\/vixs.vn\/en#website\",\"url\":\"https:\/\/vixs.vn\/en\",\"name\":\"VIX SECURITIES JOINT STOCK COMPANY\",\"description\":\"\",\"potentialAction\":[{\"@type\":\"SearchAction\",\"target\":{\"@type\":\"EntryPoint\",\"urlTemplate\":\"https:\/\/vixs.vn\/en?s={search_term_string}\"},\"query-input\":{\"@type\":\"PropertyValueSpecification\",\"valueRequired\":true,\"valueName\":\"search_term_string\"}}],\"inLanguage\":\"en-US\"}]}<\/script>\n<!-- \/ Yoast SEO plugin. -->","yoast_head_json":{"title":"Withdraw money - VIX SECURITIES JOINT STOCK COMPANY","robots":{"index":"index","follow":"follow","max-snippet":"max-snippet:-1","max-image-preview":"max-image-preview:large","max-video-preview":"max-video-preview:-1"},"canonical":"https:\/\/vixs.vn\/en\/support\/withdraw-money","og_locale":"en_US","og_type":"article","og_title":"Withdraw money - VIX SECURITIES JOINT STOCK COMPANY","og_description":"Kh\u00e1ch h\u00e0ng c\u00f3 th\u1ec3 r\u00fat ti\u1ec1n ho\u1eb7c chuy\u1ec3n kho\u1ea3n t\u1eeb t\u00e0i kho\u1ea3n ch\u1ee9ng kho\u00e1n c\u1ee7a m\u00ecnh m\u1ed9t c\u00e1ch \u0111\u01a1n gi\u1ea3n v\u00e0 nhanh ch\u00f3ng theo c\u00e1c c\u00e1ch sau: \u00a0C\u00c1CH 1: R\u00fat ti\u1ec1n ho\u1eb7c chuy\u1ec3n kho\u1ea3n ti\u1ec1n t\u1ea1i qu\u1ea7y: \u0110\u1ec3 r\u00fat ti\u1ec1n m\u1eb7t tr\u1ef1c ti\u1ebfp t\u1eeb t\u00e0i kho\u1ea3n ch\u1ee9ng kho\u00e1n, Qu\u00fd kh\u00e1ch \u0111\u1ebfn \u0110i\u1ec3m giao d\u1ecbch c\u1ee7a [&hellip;]","og_url":"https:\/\/vixs.vn\/en\/support\/withdraw-money","og_site_name":"VIX SECURITIES JOINT STOCK COMPANY","og_image":[{"width":800,"height":447,"url":"https:\/\/vixs.vn\/wp-content\/uploads\/2024\/01\/sharelogo.jpg","type":"image\/jpeg"}],"twitter_card":"summary_large_image","twitter_misc":{"Est. reading time":"3 minutes"},"schema":{"@context":"https:\/\/schema.org","@graph":[{"@type":"WebPage","@id":"https:\/\/vixs.vn\/en\/support\/withdraw-money","url":"https:\/\/vixs.vn\/en\/support\/withdraw-money","name":"Withdraw money - VIX SECURITIES JOINT STOCK COMPANY","isPartOf":{"@id":"https:\/\/vixs.vn\/en#website"},"datePublished":"2024-02-29T10:04:53+00:00","breadcrumb":{"@id":"https:\/\/vixs.vn\/en\/support\/withdraw-money#breadcrumb"},"inLanguage":"en-US","potentialAction":[{"@type":"ReadAction","target":["https:\/\/vixs.vn\/en\/support\/withdraw-money"]}]},{"@type":"BreadcrumbList","@id":"https:\/\/vixs.vn\/en\/support\/withdraw-money#breadcrumb","itemListElement":[{"@type":"ListItem","position":1,"name":"Home","item":"https:\/\/vixs.vn\/en"},{"@type":"ListItem","position":2,"name":"Support","item":"https:\/\/vixs.vn\/en\/support"},{"@type":"ListItem","position":3,"name":"Withdraw money"}]},{"@type":"WebSite","@id":"https:\/\/vixs.vn\/en#website","url":"https:\/\/vixs.vn\/en","name":"VIX SECURITIES JOINT STOCK COMPANY","description":"","potentialAction":[{"@type":"SearchAction","target":{"@type":"EntryPoint","urlTemplate":"https:\/\/vixs.vn\/en?s={search_term_string}"},"query-input":{"@type":"PropertyValueSpecification","valueRequired":true,"valueName":"search_term_string"}}],"inLanguage":"en-US"}]}},"_links":{"self":[{"href":"https:\/\/vixs.vn\/en\/wp-json\/wp\/v2\/pages\/7732","targetHints":{"allow":["GET"]}}],"collection":[{"href":"https:\/\/vixs.vn\/en\/wp-json\/wp\/v2\/pages"}],"about":[{"href":"https:\/\/vixs.vn\/en\/wp-json\/wp\/v2\/types\/page"}],"author":[{"embeddable":true,"href":"https:\/\/vixs.vn\/en\/wp-json\/wp\/v2\/users\/2"}],"replies":[{"embeddable":true,"href":"https:\/\/vixs.vn\/en\/wp-json\/wp\/v2\/comments?post=7732"}],"version-history":[{"count":0,"href":"https:\/\/vixs.vn\/en\/wp-json\/wp\/v2\/pages\/7732\/revisions"}],"up":[{"embeddable":true,"href":"https:\/\/vixs.vn\/en\/wp-json\/wp\/v2\/pages\/7723"}],"wp:attachment":[{"href":"https:\/\/vixs.vn\/en\/wp-json\/wp\/v2\/media?parent=7732"}],"curies":[{"name":"wp","href":"https:\/\/api.w.org\/{rel}","templated":true}]}}