{"id":7526,"date":"2023-07-21T16:22:05","date_gmt":"2023-07-21T09:22:05","guid":{"rendered":"https:\/\/vixs.vn\/home"},"modified":"2023-07-21T16:22:05","modified_gmt":"2023-07-21T09:22:05","slug":"home","status":"publish","type":"page","link":"https:\/\/vixs.vn\/en","title":{"rendered":"Home"},"content":{"rendered":"","protected":false},"excerpt":{"rendered":"","protected":false},"author":1,"featured_media":0,"parent":0,"menu_order":93,"comment_status":"closed","ping_status":"closed","template":"home.php","meta":{"footnotes":""},"class_list":["post-7526","page","type-page","status-publish","hentry"],"acf":[],"yoast_head":"<!-- This site is optimized with the Yoast SEO plugin v26.5 - https:\/\/yoast.com\/wordpress\/plugins\/seo\/ -->\n<title>VIX SECURITIES JOINT STOCK COMPANY<\/title>\n<meta name=\"description\" content=\"C\u00f4ng ty C\u1ed5 ph\u1ea7n Ch\u1ee9ng kho\u00e1n VIX (VIX \u2013 HOSE) \u0111\u01b0\u1ee3c th\u00e0nh l\u1eadp v\u00e0o ng\u00e0y 10 th\u00e1ng 12 n\u0103m 2007, ti\u1ec1n th\u00e2n l\u00e0 C\u00f4ng ty C\u1ed5 ph\u1ea7n Ch\u1ee9ng kho\u00e1n Vincom\" \/>\n<meta name=\"robots\" content=\"index, follow, max-snippet:-1, max-image-preview:large, max-video-preview:-1\" \/>\n<link rel=\"canonical\" href=\"https:\/\/vixs.vn\/en\" \/>\n<meta property=\"og:locale\" content=\"en_US\" \/>\n<meta property=\"og:type\" content=\"article\" \/>\n<meta property=\"og:title\" content=\"VIX SECURITIES JOINT STOCK COMPANY\" \/>\n<meta property=\"og:description\" content=\"C\u00f4ng ty C\u1ed5 ph\u1ea7n Ch\u1ee9ng kho\u00e1n VIX (VIX \u2013 HOSE) \u0111\u01b0\u1ee3c th\u00e0nh l\u1eadp v\u00e0o ng\u00e0y 10 th\u00e1ng 12 n\u0103m 2007, ti\u1ec1n th\u00e2n l\u00e0 C\u00f4ng ty C\u1ed5 ph\u1ea7n Ch\u1ee9ng kho\u00e1n Vincom\" \/>\n<meta property=\"og:url\" content=\"https:\/\/vixs.vn\/en\" \/>\n<meta property=\"og:site_name\" content=\"VIX SECURITIES JOINT STOCK COMPANY\" \/>\n<meta property=\"og:image\" content=\"https:\/\/vixs.vn\/wp-content\/uploads\/2024\/01\/sharelogo.jpg\" \/>\n\t<meta property=\"og:image:width\" content=\"800\" \/>\n\t<meta property=\"og:image:height\" content=\"447\" \/>\n\t<meta property=\"og:image:type\" content=\"image\/jpeg\" \/>\n<meta name=\"twitter:card\" content=\"summary_large_image\" \/>\n<script type=\"application\/ld+json\" class=\"yoast-schema-graph\">{\"@context\":\"https:\/\/schema.org\",\"@graph\":[{\"@type\":\"WebPage\",\"@id\":\"https:\/\/vixs.vn\/en\",\"url\":\"https:\/\/vixs.vn\/en\",\"name\":\"VIX SECURITIES JOINT STOCK COMPANY\",\"isPartOf\":{\"@id\":\"https:\/\/vixs.vn\/en#website\"},\"datePublished\":\"2023-07-21T09:22:05+00:00\",\"description\":\"C\u00f4ng ty C\u1ed5 ph\u1ea7n Ch\u1ee9ng kho\u00e1n VIX (VIX \u2013 HOSE) \u0111\u01b0\u1ee3c th\u00e0nh l\u1eadp v\u00e0o ng\u00e0y 10 th\u00e1ng 12 n\u0103m 2007, ti\u1ec1n th\u00e2n l\u00e0 C\u00f4ng ty C\u1ed5 ph\u1ea7n Ch\u1ee9ng kho\u00e1n Vincom\",\"breadcrumb\":{\"@id\":\"https:\/\/vixs.vn\/en#breadcrumb\"},\"inLanguage\":\"en-US\",\"potentialAction\":[{\"@type\":\"ReadAction\",\"target\":[\"https:\/\/vixs.vn\/en\"]}]},{\"@type\":\"BreadcrumbList\",\"@id\":\"https:\/\/vixs.vn\/en#breadcrumb\",\"itemListElement\":[{\"@type\":\"ListItem\",\"position\":1,\"name\":\"Home\",\"item\":\"https:\/\/vixs.vn\/en\"},{\"@type\":\"ListItem\",\"position\":2,\"name\":\"Home\"}]},{\"@type\":\"WebSite\",\"@id\":\"https:\/\/vixs.vn\/en#website\",\"url\":\"https:\/\/vixs.vn\/en\",\"name\":\"VIX SECURITIES JOINT STOCK COMPANY\",\"description\":\"\",\"potentialAction\":[{\"@type\":\"SearchAction\",\"target\":{\"@type\":\"EntryPoint\",\"urlTemplate\":\"https:\/\/vixs.vn\/en?s={search_term_string}\"},\"query-input\":{\"@type\":\"PropertyValueSpecification\",\"valueRequired\":true,\"valueName\":\"search_term_string\"}}],\"inLanguage\":\"en-US\"}]}<\/script>\n<!-- \/ Yoast SEO plugin. -->","yoast_head_json":{"title":"VIX SECURITIES JOINT STOCK COMPANY","description":"C\u00f4ng ty C\u1ed5 ph\u1ea7n Ch\u1ee9ng kho\u00e1n VIX (VIX \u2013 HOSE) \u0111\u01b0\u1ee3c th\u00e0nh l\u1eadp v\u00e0o ng\u00e0y 10 th\u00e1ng 12 n\u0103m 2007, ti\u1ec1n th\u00e2n l\u00e0 C\u00f4ng ty C\u1ed5 ph\u1ea7n Ch\u1ee9ng kho\u00e1n Vincom","robots":{"index":"index","follow":"follow","max-snippet":"max-snippet:-1","max-image-preview":"max-image-preview:large","max-video-preview":"max-video-preview:-1"},"canonical":"https:\/\/vixs.vn\/en","og_locale":"en_US","og_type":"article","og_title":"VIX SECURITIES JOINT STOCK COMPANY","og_description":"C\u00f4ng ty C\u1ed5 ph\u1ea7n Ch\u1ee9ng kho\u00e1n VIX (VIX \u2013 HOSE) \u0111\u01b0\u1ee3c th\u00e0nh l\u1eadp v\u00e0o ng\u00e0y 10 th\u00e1ng 12 n\u0103m 2007, ti\u1ec1n th\u00e2n l\u00e0 C\u00f4ng ty C\u1ed5 ph\u1ea7n Ch\u1ee9ng kho\u00e1n Vincom","og_url":"https:\/\/vixs.vn\/en","og_site_name":"VIX SECURITIES JOINT STOCK COMPANY","og_image":[{"width":800,"height":447,"url":"https:\/\/vixs.vn\/wp-content\/uploads\/2024\/01\/sharelogo.jpg","type":"image\/jpeg"}],"twitter_card":"summary_large_image","schema":{"@context":"https:\/\/schema.org","@graph":[{"@type":"WebPage","@id":"https:\/\/vixs.vn\/en","url":"https:\/\/vixs.vn\/en","name":"VIX SECURITIES JOINT STOCK COMPANY","isPartOf":{"@id":"https:\/\/vixs.vn\/en#website"},"datePublished":"2023-07-21T09:22:05+00:00","description":"C\u00f4ng ty C\u1ed5 ph\u1ea7n Ch\u1ee9ng kho\u00e1n VIX (VIX \u2013 HOSE) \u0111\u01b0\u1ee3c th\u00e0nh l\u1eadp v\u00e0o ng\u00e0y 10 th\u00e1ng 12 n\u0103m 2007, ti\u1ec1n th\u00e2n l\u00e0 C\u00f4ng ty C\u1ed5 ph\u1ea7n Ch\u1ee9ng kho\u00e1n Vincom","breadcrumb":{"@id":"https:\/\/vixs.vn\/en#breadcrumb"},"inLanguage":"en-US","potentialAction":[{"@type":"ReadAction","target":["https:\/\/vixs.vn\/en"]}]},{"@type":"BreadcrumbList","@id":"https:\/\/vixs.vn\/en#breadcrumb","itemListElement":[{"@type":"ListItem","position":1,"name":"Home","item":"https:\/\/vixs.vn\/en"},{"@type":"ListItem","position":2,"name":"Home"}]},{"@type":"WebSite","@id":"https:\/\/vixs.vn\/en#website","url":"https:\/\/vixs.vn\/en","name":"VIX SECURITIES JOINT STOCK COMPANY","description":"","potentialAction":[{"@type":"SearchAction","target":{"@type":"EntryPoint","urlTemplate":"https:\/\/vixs.vn\/en?s={search_term_string}"},"query-input":{"@type":"PropertyValueSpecification","valueRequired":true,"valueName":"search_term_string"}}],"inLanguage":"en-US"}]}},"_links":{"self":[{"href":"https:\/\/vixs.vn\/en\/wp-json\/wp\/v2\/pages\/7526","targetHints":{"allow":["GET"]}}],"collection":[{"href":"https:\/\/vixs.vn\/en\/wp-json\/wp\/v2\/pages"}],"about":[{"href":"https:\/\/vixs.vn\/en\/wp-json\/wp\/v2\/types\/page"}],"author":[{"embeddable":true,"href":"https:\/\/vixs.vn\/en\/wp-json\/wp\/v2\/users\/1"}],"replies":[{"embeddable":true,"href":"https:\/\/vixs.vn\/en\/wp-json\/wp\/v2\/comments?post=7526"}],"version-history":[{"count":0,"href":"https:\/\/vixs.vn\/en\/wp-json\/wp\/v2\/pages\/7526\/revisions"}],"wp:attachment":[{"href":"https:\/\/vixs.vn\/en\/wp-json\/wp\/v2\/media?parent=7526"}],"curies":[{"name":"wp","href":"https:\/\/api.w.org\/{rel}","templated":true}]}}